{"id":42122,"date":"2022-11-08T17:37:33","date_gmt":"2022-11-08T17:37:33","guid":{"rendered":"https:\/\/sm.weblifebrasil.com.br\/?page_id=42122"},"modified":"2024-07-23T14:02:00","modified_gmt":"2024-07-23T17:02:00","slug":"suporte-maquinas","status":"publish","type":"page","link":"https:\/\/projectomaquinas.com.br\/gerenciador\/","title":{"rendered":"Suporte M\u00e1quinas"},"content":{"rendered":"\n\n\t\t\tNossos Servi\u00e7osVeja Como Podemos Te Ajudar\t\t\t\n\t\t\t\t<!-- Inline Block Space Fix\n\t\t\t\t\t\t\t\t\t\t\t\t\t\t\t\t\t\t\t\t\t\t\t\t-->\n\t\t\t\t<img decoding=\"async\" src=\"https:\/\/projectomaquinas.com.br\/gerenciador\/data\/uploads\/2023\/03\/pecas-do-carro.png\" alt=\"pecas-do-carro\" title=\"pecas-do-carro\" itemprop=\"image\"\/>\n\t\t\t\t\t\t\t\t\t<!-- Inline Block Space Fix\n\t\t\t\t\t\t\t\t\t\t\t\t\t\t\t\t--><!-- Inline Block Space Fix\n\t\t\t\t\t\t\t\t\t\t\t\t\t\t\t\t\t\t\t-->Venda de Pe\u00e7as<!-- Inline Block Space Fix\n\t\t\t\t\t\t\t\t\t\t\t\t\t\t\t\t\t\t\t\t\t\t\t--><!-- Inline Block Space Fix\n\t\t\t\t\t\t\t\t\t\t-->\n                    <!-- Inline Block Space Fix\n\t\t\t\t-->\n\t\t\t\t<!-- Overlay for Style 1 -->\n\t\t\t<!-- END .front -->\n<p>Encontre as pe\u00e7as de alta qualidade que voc\u00ea precisa para manter sua frota de  m\u00e1quinas pesadas funcionando sem problemas. <\/p>\n<p>Compre com confian\u00e7a, sabendo que estamos comprometidos em fornecer os melhores produtos e servi\u00e7os para nossos clientes.<\/p>\n\t\t\t<a href=\"https:\/\/api.whatsapp.com\/send?1=pt_BR&#038;phone=5569999564405\" target=\"_blank\" rel=\"noopener\" role=\"button\" aria-label=\"FA\u00c7A UMA COTA\u00c7\u00c3O\">\n\t\t\t\t\t\t\t\t\t\t\tFA\u00c7A UMA COTA\u00c7\u00c3O\n\t\t<\/a>\n\t\t\t\t<!-- Inline Block Space Fix\n\t\t\t\t\t\t\t\t\t\t\t\t\t\t\t\t\t\t\t\t\t\t\t\t-->\n\t\t\t\t<img decoding=\"async\" src=\"https:\/\/projectomaquinas.com.br\/gerenciador\/data\/uploads\/2023\/03\/manutencao-na-web-new.png\" alt=\"\" title=\"\" itemprop=\"image\"\/>\n\t\t\t\t\t\t\t\t\t<!-- Inline Block Space Fix\n\t\t\t\t\t\t\t\t\t\t\t\t\t\t\t\t--><!-- Inline Block Space Fix\n\t\t\t\t\t\t\t\t\t\t\t\t\t\t\t\t\t\t\t-->Manuten\u00e7\u00e3o Preventiva<!-- Inline Block Space Fix\n\t\t\t\t\t\t\t\t\t\t\t\t\t\t\t\t\t\t\t\t\t\t\t--><!-- Inline Block Space Fix\n\t\t\t\t\t\t\t\t\t\t-->\n                    <!-- Inline Block Space Fix\n\t\t\t\t-->\n\t\t\t\t<!-- Overlay for Style 1 -->\n\t\t\t<!-- END .front -->\n<p>A manuten\u00e7\u00e3o preventiva \u00e9 a chave para garantir que suas m\u00e1quinas estejam sempre em pleno funcionamento. <\/p>\n<p>Visando prevenir falhas e problemas em equipamentos, garantindo a sua disponibilidade e prolongando a sua vida \u00fatil. <\/p>\n<p>Essas atividades incluem a realiza\u00e7\u00e3o de inspe\u00e7\u00f5es, limpezas, lubrifica\u00e7\u00f5es, ajustes e substitui\u00e7\u00f5es de pe\u00e7as, de acordo com um plano previamente estabelecido.<\/p>\n\t\t\t<a href=\"https:\/\/api.whatsapp.com\/send?1=pt_BR&#038;phone=5569999564405\" target=\"_blank\" rel=\"noopener\" role=\"button\" aria-label=\"FALE CONOSCO\">\n\t\t\t\t\t\t\t\t\t\t\tFALE CONOSCO\n\t\t<\/a>\n\t\t\t\t<!-- Inline Block Space Fix\n\t\t\t\t\t\t\t\t\t\t\t\t\t\t\t\t\t\t\t\t\t\t\t\t-->\n\t\t\t\t<img decoding=\"async\" src=\"https:\/\/projectomaquinas.com.br\/gerenciador\/data\/uploads\/2023\/03\/controlador-new.png\" alt=\"controlador-new\" title=\"controlador-new\" itemprop=\"image\"\/>\n\t\t\t\t\t\t\t\t\t<!-- Inline Block Space Fix\n\t\t\t\t\t\t\t\t\t\t\t\t\t\t\t\t--><!-- Inline Block Space Fix\n\t\t\t\t\t\t\t\t\t\t\t\t\t\t\t\t\t\t\t-->Manuten\u00e7\u00e3o Corretiva<!-- Inline Block Space Fix\n\t\t\t\t\t\t\t\t\t\t\t\t\t\t\t\t\t\t\t\t\t\t\t--><!-- Inline Block Space Fix\n\t\t\t\t\t\t\t\t\t\t-->\n                    <!-- Inline Block Space Fix\n\t\t\t\t-->\n\t\t\t\t<!-- Overlay for Style 1 -->\n\t\t\t<!-- END .front -->\n<p>A manuten\u00e7\u00e3o corretiva \u00e9 realizada ap\u00f3s a ocorr\u00eancia de uma falha ou problema em um equipamento ou sistema, com o objetivo de corrigi-lo e coloc\u00e1-lo em opera\u00e7\u00e3o novamente. <\/p>\n<p>Essa manuten\u00e7\u00e3o pode ser planejada ou n\u00e3o planejada, dependendo da gravidade da falha e da urg\u00eancia em resolver o problema. <\/p>\n<p>Para evita-la, \u00e9 indicado voc\u00ea estar sempre deixando as revis\u00f5es dos seus maquin\u00e1rios em dia.<\/p>\n\t\t\t<a href=\"https:\/\/api.whatsapp.com\/send?1=pt_BR&#038;phone=5569999564405\" target=\"_blank\" rel=\"noopener\" role=\"button\" aria-label=\"FALE CONOSCO\">\n\t\t\t\t\t\t\t\t\t\t\tFALE CONOSCO\n\t\t<\/a>\n\t\t\t<a href=\"https:\/\/api.whatsapp.com\/send?1=pt_BR&#038;phone=5569999564405\" target=\"_blank\" rel=\"noopener\" role=\"button\" aria-label=\"FALE COM UM ESPECIALISTA\">\n\t\t\t\t\t\t\t\t\t\t\tFALE COM UM ESPECIALISTA\n\t\t<\/a>\n\t\t\t\t<img loading=\"lazy\" decoding=\"async\" src=\"https:\/\/projectomaquinas.com.br\/gerenciador\/data\/uploads\/2023\/03\/check-mark-80-new.png\" alt=\"\" itemprop=\"image\" height=\"80\" width=\"80\" onerror=\"this.style.display='none'\"  \/>\n\t\t+8,000\n\t\t\t\t\tConsultas Especializadas\n\t\t\t\t<img loading=\"lazy\" decoding=\"async\" src=\"https:\/\/projectomaquinas.com.br\/gerenciador\/data\/uploads\/2023\/03\/engrenagem-new.png\" alt=\"\" itemprop=\"image\" height=\"128\" width=\"128\" onerror=\"this.style.display='none'\"  \/>\n\t\t+6,000\n\t\t\t\t\tPe\u00e7as Fornecidas\n\t\t\t\t<img loading=\"lazy\" decoding=\"async\" src=\"https:\/\/projectomaquinas.com.br\/gerenciador\/data\/uploads\/2023\/03\/hand-shake.png\" alt=\"hand-shake\" itemprop=\"image\" height=\"512\" width=\"512\" title=\"hand-shake\" onerror=\"this.style.display='none'\"  \/>\n\t\t+1,600\n\t\t\t\t\tClientes Atendidos\n\t\t\t\t<img loading=\"lazy\" decoding=\"async\" src=\"https:\/\/projectomaquinas.com.br\/gerenciador\/data\/uploads\/2023\/03\/certificate-80-new.png\" alt=\"\" itemprop=\"image\" height=\"80\" width=\"80\" onerror=\"this.style.display='none'\"  \/>\n\t\t+8\n\t\t\t\t\tAnos de Experi\u00eancia\n\t\t\tQUEM<br \/>somos\n\t\t\t\t<p>A <strong>SM Suporte M\u00e1quinas<\/strong> com experi\u00eancia h\u00e1 mais de 15 anos no mercado, disp\u00f5e das melhores solu\u00e7\u00f5es para equipamentos pesados destinados na reposi\u00e7\u00e3o e manuten\u00e7\u00e3o de pe\u00e7as nos segmentos agr\u00edcolas e constru\u00e7\u00e3o civil.<\/p>\n<p>Temos o comprometimento em oferecer qualidade das pe\u00e7as e servi\u00e7os oferecidos, com atendimento humanizado de forma eficiente garantindo a confiabilidade nos pre\u00e7os e prazos oferecidos aos nossos clientes.<\/p>\n<p>Desejamos continuar sendo uma empresa com refer\u00eancia no ramo, buscando sempre solu\u00e7\u00f5es inovadoras nos seguimentos oferecidos para um mercado exigente, visando o crescimento cont\u00ednuo e sustent\u00e1vel, comprometido com nossos clientes, colaboradores e fornecedores.<\/p>\n\t\t\tNossos<br \/>Diferenciais\t\t\t\n\t\t\tFornecedores\t\t\t\n\t\t\tDepoimentos\t\t\t\n\t\t<!-- Slides wrapper -->\n\t\t\t\t\t\t<cite>\n\t\t\t\t\t\t\tEnivaldo Santos\n\t<i>&#9733;<\/i><i>&#9733;<\/i><i>&#9733;<\/i><i>&#9733;<\/i><i>&#9733;<\/i>\t\t\t\t\t\t\tEmpresa de transporte coletivo\n\t\t\t\t\t\t<\/cite>\n\t\t\t\t\t\t\t<p>A qualidade das pe\u00e7as e o servi\u00e7o ao cliente deste site s\u00e3o realmente excepcionais. Sempre que preciso de uma pe\u00e7a espec\u00edfica para meus \u00f4nibus, sei que posso confiar neste site para encontrar exatamente o que procuro.<\/p>\t\t\t\t\t\t\n\t\t\t\t\t\t<cite>\n\t\t\t\t\t\t\tLu\u00eds Oliveira\n\t<i>&#9733;<\/i><i>&#9733;<\/i><i>&#9733;<\/i><i>&#9733;<\/i><i>&#9733;<\/i>\t\t\t\t\t\t\tGerente\n\t\t\t\t\t\t<\/cite>\n\t\t\t\t\t\t\t<p>Nunca fui t\u00e3o bem atendido em minhas necessidades de pe\u00e7as para tratores. Este site tem uma equipe dedicada que sempre vai al\u00e9m para garantir que minhas demandas sejam atendidas. Estou muito satisfeito com a experi\u00eancia de compra aqui.<\/p>\n\t\t\t\t\t\t<cite>\n\t\t\t\t\t\t\tRoberto Oliveira\n\t<i>&#9733;<\/i><i>&#9733;<\/i><i>&#9733;<\/i><i>&#9733;<\/i><i>&#9733;<\/i>\t\t\t\t\t\t\tPropriet\u00e1rio de fazenda\n\t\t\t\t\t\t<\/cite>\n\t\t\t\t\t\t\t<p>Este site se tornou meu parceiro de confian\u00e7a na manuten\u00e7\u00e3o da minha frota de tratores. A facilidade de encontrar pe\u00e7as espec\u00edficas, combinada com a qualidade dos produtos e o excelente servi\u00e7o ao cliente, tornam minha vida muito mais f\u00e1cil.<\/p>\t\t\t\t\t\t\n\t\t\t\t\t\t<cite>\n\t\t\t\t\t\t\tIgor Tomas Silva\n\t<i>&#9733;<\/i><i>&#9733;<\/i><i>&#9733;<\/i><i>&#9733;<\/i><i>&#9733;<\/i>\t\t\t\t\t\t\tAdministrador\n\t\t\t\t\t\t<\/cite>\n\t\t\t\t\t\t\t<p>Encontrei neste site n\u00e3o apenas pe\u00e7as de reposi\u00e7\u00e3o para meu trator, mas tamb\u00e9m uma equipe de suporte excepcional. Sempre que tenho d\u00favidas ou preciso de assist\u00eancia, eles est\u00e3o l\u00e1 para ajudar. Uma experi\u00eancia de compra verdadeiramente not\u00e1vel!<\/p>\n\t\t\t\t\t\t<cite>\n\t\t\t\t\t\t\tMarcos Oliveira\n\t<i>&#9733;<\/i><i>&#9733;<\/i><i>&#9733;<\/i><i>&#9733;<\/i><i>&#9733;<\/i>\t\t\t\t\t\t\tGerente\n\t\t\t\t\t\t<\/cite>\n\t\t\t\t\t\t\t<p>Este site se tornou meu parceiro confi\u00e1vel na manuten\u00e7\u00e3o da minha frota de \u00f4nibus. Sempre que preciso de pe\u00e7as ou servi\u00e7os, sei que posso contar com eles para fornecer produtos de qualidade.<\/p>\n\t\t\t\t\t\t<cite>\n\t\t\t\t\t\t\tLindomar Cavalcante\n\t<i>&#9733;<\/i><i>&#9733;<\/i><i>&#9733;<\/i><i>&#9733;<\/i><i>&#9733;<\/i>\t\t\t\t\t\t\tAdministrador\n\t\t\t\t\t\t<\/cite>\n\t\t\t\t\t\t\t<p>Como mec\u00e2nico especializado em caminh\u00f5es, encontrei neste site tudo o que preciso para atender \u00e0s necessidades dos meus clientes. A qualidade das pe\u00e7as e a efici\u00eancia na entrega fazem dele meu fornecedor de confian\u00e7a.<\/p>\n\t\t\t\t<!-- Pagination, if required -->\n\t\t\tPrevious\n\t\tNext\n\n","protected":false},"excerpt":{"rendered":"<p>Nossos Servi\u00e7osVeja Como Podemos Te Ajudar Venda de Pe\u00e7as Encontre as pe\u00e7as de alta qualidade que voc\u00ea precisa para manter sua frota de m\u00e1quinas pesadas funcionando sem problemas. Compre com confian\u00e7a, sabendo que estamos comprometidos em fornecer os melhores produtos e servi\u00e7os para nossos clientes. FA\u00c7A UMA COTA\u00c7\u00c3O Manuten\u00e7\u00e3o Preventiva A manuten\u00e7\u00e3o preventiva \u00e9 a&hellip;<\/p>\n","protected":false},"author":1,"featured_media":46274,"parent":0,"menu_order":0,"comment_status":"closed","ping_status":"closed","template":"","meta":{"footnotes":""},"class_list":["post-42122","page","type-page","status-publish","has-post-thumbnail","hentry"],"_links":{"self":[{"href":"https:\/\/projectomaquinas.com.br\/gerenciador\/wp-json\/wp\/v2\/pages\/42122","targetHints":{"allow":["GET"]}}],"collection":[{"href":"https:\/\/projectomaquinas.com.br\/gerenciador\/wp-json\/wp\/v2\/pages"}],"about":[{"href":"https:\/\/projectomaquinas.com.br\/gerenciador\/wp-json\/wp\/v2\/types\/page"}],"author":[{"embeddable":true,"href":"https:\/\/projectomaquinas.com.br\/gerenciador\/wp-json\/wp\/v2\/users\/1"}],"replies":[{"embeddable":true,"href":"https:\/\/projectomaquinas.com.br\/gerenciador\/wp-json\/wp\/v2\/comments?post=42122"}],"version-history":[{"count":12,"href":"https:\/\/projectomaquinas.com.br\/gerenciador\/wp-json\/wp\/v2\/pages\/42122\/revisions"}],"predecessor-version":[{"id":46380,"href":"https:\/\/projectomaquinas.com.br\/gerenciador\/wp-json\/wp\/v2\/pages\/42122\/revisions\/46380"}],"wp:featuredmedia":[{"embeddable":true,"href":"https:\/\/projectomaquinas.com.br\/gerenciador\/wp-json\/wp\/v2\/media\/46274"}],"wp:attachment":[{"href":"https:\/\/projectomaquinas.com.br\/gerenciador\/wp-json\/wp\/v2\/media?parent=42122"}],"curies":[{"name":"wp","href":"https:\/\/api.w.org\/{rel}","templated":true}]}}